{"id":596,"date":"2024-03-27T11:46:35","date_gmt":"2024-03-27T10:46:35","guid":{"rendered":"https:\/\/realbyzkp.com\/?page_id=596"},"modified":"2025-01-02T12:35:00","modified_gmt":"2025-01-02T11:35:00","slug":"live-technique","status":"publish","type":"page","link":"https:\/\/realbyzkp.com\/fr_fr\/live-technique\/","title":{"rendered":"Live technique"},"content":{"rendered":"\t\t<div data-elementor-type=\"wp-page\" data-elementor-id=\"596\" class=\"elementor elementor-596\">\n\t\t\t\t<div class=\"elementor-element elementor-element-6a4f0726 e-flex e-con-boxed e-con e-parent\" data-id=\"6a4f0726\" data-element_type=\"container\">\n\t\t\t\t\t<div class=\"e-con-inner\">\n\t\t\t\t<div class=\"elementor-element elementor-element-5c1e8a81 elementor-widget elementor-widget-text-editor\" data-id=\"5c1e8a81\" data-element_type=\"widget\" data-widget_type=\"text-editor.default\">\n\t\t\t\t<div class=\"elementor-widget-container\">\n\t\t\t\t\t\t\t\n        <div class=\"brz-root__container brz-reset-all\"><\/div>    <!-- version:1734025203 -->\t\t\t\t\t\t<\/div>\n\t\t\t\t<\/div>\n\t\t\t\t\t<\/div>\n\t\t\t\t<\/div>\n\t\t<div class=\"elementor-element elementor-element-53f7749 e-grid e-con-boxed e-con e-parent\" data-id=\"53f7749\" data-element_type=\"container\">\n\t\t\t\t\t<div class=\"e-con-inner\">\n\t\t\t\t<div class=\"elementor-element elementor-element-1c78cc1 elementor-widget elementor-widget-video\" data-id=\"1c78cc1\" data-element_type=\"widget\" data-settings=\"{&quot;youtube_url&quot;:&quot;https:\\\/\\\/youtu.be\\\/89VPSKEfXkI?si=dnF5MXAFEqCATo08&quot;,&quot;video_type&quot;:&quot;youtube&quot;,&quot;controls&quot;:&quot;yes&quot;}\" data-widget_type=\"video.default\">\n\t\t\t\t<div class=\"elementor-widget-container\">\n\t\t\t\t\t<div class=\"elementor-wrapper elementor-open-inline\">\n\t\t\t<div class=\"elementor-video\"><\/div>\t\t<\/div>\n\t\t\t\t<\/div>\n\t\t\t\t<\/div>\n\t\t\t\t<div class=\"elementor-element elementor-element-dadc3e7 elementor-widget elementor-widget-text-editor\" data-id=\"dadc3e7\" data-element_type=\"widget\" data-widget_type=\"text-editor.default\">\n\t\t\t\t<div class=\"elementor-widget-container\">\n\t\t\t\t\t\t\t<h2 class=\"elementor-heading-title elementor-size-default elementor-inline-editing pen\" style=\"text-align: center;\" contenteditable=\"true\" data-elementor-setting-key=\"title\" data-pen-placeholder=\"\u00c9crivez ici...\">Le multicam &amp; livestreaming\u200b<\/h2><p><br \/>\u00a0la combinaison parfaite pour une exp\u00e9rience immersive en ligne<\/p><p>Le multicam et le live stream sont deux technologies r\u00e9volutionnaires qui permettent aux utilisateurs de vivre des exp\u00e9riences en ligne plus interactives et immersives que jamais. Le multicam, ou multicam\u00e9ra, fait r\u00e9f\u00e9rence \u00e0 l&rsquo;utilisation de plusieurs cam\u00e9ras pour capturer un \u00e9v\u00e9nement sous diff\u00e9rents angles, offrant ainsi aux spectateurs une vue plus compl\u00e8te et dynamique. Le live stream, quant \u00e0 lui, consiste \u00e0 diffuser en direct des \u00e9v\u00e9nements ou des contenus audiovisuels sur Internet, permettant ainsi aux spectateurs de les regarder en temps r\u00e9el, o\u00f9 qu&rsquo;ils se trouvent.<\/p><p>Lorsque le multicam et le live stream sont combin\u00e9s, cela cr\u00e9e une exp\u00e9rience en ligne v\u00e9ritablement captivante. Les spectateurs ont la possibilit\u00e9 de choisir parmi diff\u00e9rentes vues en direct, de passer d&rsquo;une cam\u00e9ra \u00e0 l&rsquo;autre et m\u00eame parfois d&rsquo;interagir avec le contenu diffus\u00e9. Que ce soit pour assister \u00e0 un concert, \u00e0 un \u00e9v\u00e9nement sportif, \u00e0 une conf\u00e9rence ou \u00e0 toute autre forme de contenu en direct, le multicam et le live stream offrent une immersion totale qui rapproche les spectateurs de l&rsquo;action.<\/p><p>En tant que propri\u00e9taire de site web, int\u00e9grer le multicam et le live stream \u00e0 votre plateforme peut vous aider \u00e0 attirer et fid\u00e9liser votre audience. Gr\u00e2ce \u00e0 ces technologies, vous pouvez offrir \u00e0 vos visiteurs une exp\u00e9rience unique et interactive, renfor\u00e7ant ainsi l&rsquo;engagement et la r\u00e9tention des utilisateurs. De plus, le multicam et le live stream sont \u00e9galement des outils puissants pour g\u00e9n\u00e9rer du trafic sur votre site, attirant de nouveaux visiteurs avides de d\u00e9couvrir des contenus en direct et captivants.<\/p><p>Pour optimiser votre site en termes de r\u00e9f\u00e9rencement (SEO), il est important d&rsquo;inclure des mots-cl\u00e9s pertinents li\u00e9s au multicam et au live stream dans votre contenu, vos balises m\u00e9ta et vos descriptions. Il est \u00e9galement recommand\u00e9 d&rsquo;ajouter des liens vers vos diffusions en direct et de promouvoir activement votre site web sur les r\u00e9seaux sociaux et autres plateformes en ligne.<\/p><p>En conclusion, le multicam et le live stream sont des outils puissants pour offrir \u00e0 vos utilisateurs une exp\u00e9rience en ligne immersive et captivante. En les int\u00e9grant \u00e0 votre site web de mani\u00e8re strat\u00e9gique et en optimisant votre contenu pour le r\u00e9f\u00e9rencement, vous pourrez attirer un public plus large et fid\u00e9liser vos visiteurs en leur offrant des contenus uniques, interactifs et dynamiques. Profitez de ces technologies r\u00e9volutionnaires pour faire de votre site un incontournable de l&rsquo;univers digital.<\/p>\t\t\t\t\t\t<\/div>\n\t\t\t\t<\/div>\n\t\t\t\t\t<\/div>\n\t\t\t\t<\/div>\n\t\t<div class=\"elementor-element elementor-element-a14795e e-grid e-con-boxed e-con e-parent\" data-id=\"a14795e\" data-element_type=\"container\">\n\t\t\t\t\t<div class=\"e-con-inner\">\n\t\t\t\t\t<\/div>\n\t\t\t\t<\/div>\n\t\t\t\t<\/div>\n\t\t","protected":false},"excerpt":{"rendered":"<p>https:\/\/youtu.be\/89VPSKEfXkI?si=dnF5MXAFEqCATo08 Le multicam &amp; livestreaming\u200b \u00a0la combinaison parfaite pour une exp\u00e9rience immersive en ligne Le multicam et le live stream sont deux technologies r\u00e9volutionnaires qui permettent aux utilisateurs de vivre des exp\u00e9riences en ligne plus interactives et immersives que jamais. Le multicam, ou multicam\u00e9ra, fait r\u00e9f\u00e9rence \u00e0 l&rsquo;utilisation de plusieurs cam\u00e9ras pour capturer un \u00e9v\u00e9nement [&hellip;]<\/p>\n","protected":false},"author":1,"featured_media":0,"parent":0,"menu_order":0,"comment_status":"closed","ping_status":"closed","template":"brizy-blank-template.php","meta":{"footnotes":""},"_links":{"self":[{"href":"https:\/\/realbyzkp.com\/fr_fr\/wp-json\/wp\/v2\/pages\/596"}],"collection":[{"href":"https:\/\/realbyzkp.com\/fr_fr\/wp-json\/wp\/v2\/pages"}],"about":[{"href":"https:\/\/realbyzkp.com\/fr_fr\/wp-json\/wp\/v2\/types\/page"}],"author":[{"embeddable":true,"href":"https:\/\/realbyzkp.com\/fr_fr\/wp-json\/wp\/v2\/users\/1"}],"replies":[{"embeddable":true,"href":"https:\/\/realbyzkp.com\/fr_fr\/wp-json\/wp\/v2\/comments?post=596"}],"version-history":[{"count":11,"href":"https:\/\/realbyzkp.com\/fr_fr\/wp-json\/wp\/v2\/pages\/596\/revisions"}],"predecessor-version":[{"id":1356,"href":"https:\/\/realbyzkp.com\/fr_fr\/wp-json\/wp\/v2\/pages\/596\/revisions\/1356"}],"wp:attachment":[{"href":"https:\/\/realbyzkp.com\/fr_fr\/wp-json\/wp\/v2\/media?parent=596"}],"curies":[{"name":"wp","href":"https:\/\/api.w.org\/{rel}","templated":true}]}}