{"id":594,"date":"2024-03-27T11:45:38","date_gmt":"2024-03-27T10:45:38","guid":{"rendered":"https:\/\/realbyzkp.com\/?page_id=594"},"modified":"2024-04-30T21:29:59","modified_gmt":"2024-04-30T19:29:59","slug":"mariage","status":"publish","type":"page","link":"https:\/\/realbyzkp.com\/fr_fr\/mariage\/","title":{"rendered":"Mariage"},"content":{"rendered":"\n<h1 class=\"wp-block-heading\">Pr\u00e9sentation de mes Prestations pour Mariages<\/h1>\n\n\n\n<p>F\u00e9licitations pour votre mariage ! <\/p>\n\n\n\n<p>Je suis ravi(e) de pouvoir vous offrir mes services pour capturer les moments les plus pr\u00e9cieux de cette journ\u00e9e sp\u00e9ciale. Voici un aper\u00e7u de mes quatre formules pour la photographie et la vid\u00e9ographie de mariage.<\/p>\n\n\n\n\t\t\t<!-- START Slider 1 REVOLUTION SLIDER 6.6.20 --><p class=\"rs-p-wp-fix\"><\/p>\n\t\t\t<rs-module-wrap id=\"rev_slider_4_1_wrapper\" data-source=\"gallery\" style=\"visibility:hidden;background:transparent;padding:0;margin:0px auto;margin-top:0;margin-bottom:0;\">\n\t\t\t\t<rs-module id=\"rev_slider_4_1\" style=\"\" data-version=\"6.6.20\">\n\t\t\t\t\t<rs-slides style=\"overflow: hidden; position: absolute;\">\n\t\t\t\t\t\t<rs-slide style=\"position: absolute;\" data-key=\"rs-11\" data-title=\"Slide\" data-thumb=\"\/\/realbyzkp.com\/wp-content\/uploads\/2024\/04\/formule-petit-budget-1620x1080-1-50x100.jpg\" data-in=\"o:0;\" data-out=\"a:false;\">\n\t\t\t\t\t\t\t<img decoding=\"async\" src=\"\/\/realbyzkp.com\/wp-content\/plugins\/revslider\/public\/assets\/assets\/dummy.png\" alt=\"\" title=\"Mariage\" class=\"rev-slidebg tp-rs-img rs-lazyload\" data-lazyload=\"\/\/realbyzkp.com\/wp-content\/uploads\/2024\/04\/formule-petit-budget-1620x1080-1.jpg\" data-bg=\"f:100% 100%;\" data-no-retina>\n<!---->\t\t\t\t\t\t<\/rs-slide>\n\t\t\t\t\t\t<rs-slide style=\"position: absolute;\" data-key=\"rs-12\" data-title=\"Slide\" data-thumb=\"\/\/realbyzkp.com\/wp-content\/uploads\/2024\/04\/formule-coplete-1-1536x1024-1-50x100.jpg\" data-in=\"o:0;\" data-out=\"a:false;\">\n\t\t\t\t\t\t\t<img decoding=\"async\" src=\"\/\/realbyzkp.com\/wp-content\/plugins\/revslider\/public\/assets\/assets\/dummy.png\" alt=\"\" title=\"Mariage\" class=\"rev-slidebg tp-rs-img rs-lazyload\" data-lazyload=\"\/\/realbyzkp.com\/wp-content\/uploads\/2024\/04\/formule-coplete-1-1536x1024-1.jpg\" data-bg=\"f:100% 100%;\" data-no-retina>\n<!---->\t\t\t\t\t\t<\/rs-slide>\n\t\t\t\t\t\t<rs-slide style=\"position: absolute;\" data-key=\"rs-13\" data-title=\"Slide\" data-thumb=\"\/\/realbyzkp.com\/wp-content\/uploads\/2024\/04\/formule-coplete-1536x1024-1-50x100.jpg\" data-in=\"o:0;\" data-out=\"a:false;\">\n\t\t\t\t\t\t\t<img decoding=\"async\" src=\"\/\/realbyzkp.com\/wp-content\/plugins\/revslider\/public\/assets\/assets\/dummy.png\" alt=\"\" title=\"Mariage\" class=\"rev-slidebg tp-rs-img rs-lazyload\" data-lazyload=\"\/\/realbyzkp.com\/wp-content\/uploads\/2024\/04\/formule-coplete-1536x1024-1.jpg\" data-bg=\"f:100% 100%;\" data-no-retina>\n<!---->\t\t\t\t\t\t<\/rs-slide>\n\t\t\t\t\t\t<rs-slide style=\"position: absolute;\" data-key=\"rs-14\" data-title=\"Slide\" data-thumb=\"\/\/realbyzkp.com\/wp-content\/uploads\/2024\/04\/formule-classique-1536x1024-1-50x100.jpg\" data-in=\"o:0;\" data-out=\"a:false;\">\n\t\t\t\t\t\t\t<img decoding=\"async\" src=\"\/\/realbyzkp.com\/wp-content\/plugins\/revslider\/public\/assets\/assets\/dummy.png\" alt=\"\" title=\"Mariage\" class=\"rev-slidebg tp-rs-img rs-lazyload\" data-lazyload=\"\/\/realbyzkp.com\/wp-content\/uploads\/2024\/04\/formule-classique-1536x1024-1.jpg\" data-bg=\"f:100% 100%;\" data-no-retina>\n<!---->\t\t\t\t\t\t<\/rs-slide>\n\t\t\t\t\t<\/rs-slides>\n\t\t\t\t<\/rs-module>\n\t\t\t\t<script>\n\t\t\t\t\tsetREVStartSize({c: 'rev_slider_4_1',rl:[1240,1024,778,480],el:[900,768,960,720],gw:[1240,1024,778,480],gh:[900,768,960,720],type:'standard',justify:'',layout:'fullwidth',mh:\"0\"});if (window.RS_MODULES!==undefined && window.RS_MODULES.modules!==undefined && window.RS_MODULES.modules[\"revslider41\"]!==undefined) {window.RS_MODULES.modules[\"revslider41\"].once = false;window.revapi4 = undefined;if (window.RS_MODULES.checkMinimal!==undefined) window.RS_MODULES.checkMinimal()}\n\t\t\t\t<\/script>\n\t\t\t<\/rs-module-wrap>\n\t\t\t<!-- END REVOLUTION SLIDER -->\n\n\n\n\n<h2 class=\"wp-block-heading\">Formule \u00ab\u00a0Essentiel\u00a0\u00bb<\/h2>\n\n\n\n<ul>\n<li><strong>Photographie<\/strong> : Couverture compl\u00e8te de la journ\u00e9e, des pr\u00e9paratifs au vin d&rsquo;honneur.<\/li>\n\n\n\n<li><strong>Vid\u00e9ographie<\/strong> : Moments forts de la journ\u00e9e en vid\u00e9o, montage inclus.<\/li>\n\n\n\n<li><strong>Livraison<\/strong> : Galerie en ligne et cl\u00e9 USB personnalis\u00e9e.<\/li>\n<\/ul>\n\n\n\n<h2 class=\"wp-block-heading\">Formule \u00ab\u00a0Classique\u00a0\u00bb<\/h2>\n\n\n\n<ul>\n<li><strong>Photographie<\/strong> : Couverture compl\u00e8te de la journ\u00e9e, des pr\u00e9paratifs \u00e0 la soir\u00e9e dansante.<\/li>\n\n\n\n<li><strong>Vid\u00e9ographie<\/strong> : Film complet de la journ\u00e9e, y compris les v\u0153ux et les discours.<\/li>\n\n\n\n<li><strong>Livraison<\/strong> : Galerie en ligne, album photo personnalis\u00e9 et DVD\/Blu-ray du film.<\/li>\n<\/ul>\n\n\n\n<h2 class=\"wp-block-heading\">Formule \u00ab\u00a0Premium\u00a0\u00bb<\/h2>\n\n\n\n<ul>\n<li><strong>Photographie<\/strong> : Reportage complet de la journ\u00e9e et s\u00e9ance photo apr\u00e8s le mariage.<\/li>\n\n\n\n<li><strong>Vid\u00e9ographie<\/strong> : Film cin\u00e9matographique, interviews des invit\u00e9s, drones pour des prises de vue a\u00e9riennes.<\/li>\n\n\n\n<li><strong>Livraison<\/strong> : Galerie en ligne, album photo haut de gamme, et coffret Deluxe avec cl\u00e9 USB et DVD\/Blu-ray.<\/li>\n<\/ul>\n\n\n\n<h2 class=\"wp-block-heading\">Formule \u00ab\u00a0Sur-Mesure\u00a0\u00bb<\/h2>\n\n\n\n<ul>\n<li><strong>Photographie<\/strong> : Personnalis\u00e9e selon vos besoins sp\u00e9cifiques.<\/li>\n\n\n\n<li><strong>Vid\u00e9ographie<\/strong> : R\u00e9alisation sur mesure pour capturer chaque moment important \u00e0 votre fa\u00e7on.<\/li>\n\n\n\n<li><strong>Livraison<\/strong> : Adapt\u00e9e en fonction des demandes particuli\u00e8res.<\/li>\n<\/ul>\n\n\n\n<p>N&rsquo;h\u00e9sitez pas \u00e0 me contacter pour discuter de ces formules en d\u00e9tail et pour personnaliser une offre qui correspond parfaitement \u00e0 vos attentes pour ce jour inoubliable.<\/p>\n\n\n\n<style type=\"text\/css\" scoped>.rbs_gallery_69e5ffde8d513Spinner{\r\n\t\t\t\tmargin: 50px auto;\r\n\t\t\t\twidth: 50px;\r\n\t\t\t\theight: 40px;\r\n\t\t\t\ttext-align: center;\r\n\t\t\t\tfont-size: 10px;\r\n\t\t\t}\r\n\t\t\t.rbs_gallery_69e5ffde8d513Spinner > div{\r\n\t\t\t  background-color: #333;\r\n\t\t\t  height: 100%;\r\n\t\t\t  width: 6px;\r\n\t\t\t  display: inline-block;\r\n\t\t\t  -webkit-animation: rbs_gallery_69e5ffde8d513-stretchdelay 1.2s infinite ease-in-out;\r\n\t\t\t  animation: rbs_gallery_69e5ffde8d513-stretchdelay 1.2s infinite ease-in-out;\r\n\t\t\t}\r\n\t\t\t.rbs_gallery_69e5ffde8d513Spinner .rbs_gallery_69e5ffde8d513Rect2 {\r\n\t\t\t  -webkit-animation-delay: -1.1s;\r\n\t\t\t  animation-delay: -1.1s;\r\n\t\t\t}\r\n\t\t\t.rbs_gallery_69e5ffde8d513Spinner .rbs_gallery_69e5ffde8d513Rect3 {\r\n\t\t\t  -webkit-animation-delay: -1.0s;\r\n\t\t\t  animation-delay: -1.0s;\r\n\t\t\t}\r\n\t\t\t.rbs_gallery_69e5ffde8d513Spinner .rbs_gallery_69e5ffde8d513Rect4 {\r\n\t\t\t  -webkit-animation-delay: -0.9s;\r\n\t\t\t  animation-delay: -0.9s;\r\n\t\t\t}\r\n\t\t\t.rbs_gallery_69e5ffde8d513Spinner .rbs_gallery_69e5ffde8d513Rect5 {\r\n\t\t\t  -webkit-animation-delay: -0.8s;\r\n\t\t\t  animation-delay: -0.8s;\r\n\t\t\t}\r\n\t\t\t@-webkit-keyframes rbs_gallery_69e5ffde8d513-stretchdelay {\r\n\t\t\t  0%, 40%, 100% { -webkit-transform: scaleY(0.4) }  \r\n\t\t\t  20% { -webkit-transform: scaleY(1.0) }\r\n\t\t\t}\r\n\t\t\t@keyframes rbs_gallery_69e5ffde8d513-stretchdelay {\r\n\t\t\t  0%, 40%, 100% { \r\n\t\t\t    transform: scaleY(0.4);\r\n\t\t\t    -webkit-transform: scaleY(0.4);\r\n\t\t\t  }  20% { \r\n\t\t\t    transform: scaleY(1.0);\r\n\t\t\t    -webkit-transform: scaleY(1.0);\r\n\t\t\t  }\r\n\t\t\t}\r\n\t\t<\/style><div class=\"robo-gallery-wrap robo-gallery-wrap-id1198 robo-gallery-masonry\" ><div id=\"rbs_gallery_69e5ffde8d513-block-loader\" class=\"rbs_gallery_69e5ffde8d513Spinner\"><div class=\"rbs_gallery_69e5ffde8d513Rect1\"><\/div> <div class=\"rbs_gallery_69e5ffde8d513Rect2\"><\/div> <div class=\"rbs_gallery_69e5ffde8d513Rect3\"><\/div> <div class=\"rbs_gallery_69e5ffde8d513Rect4\"><\/div> <div class=\"rbs_gallery_69e5ffde8d513Rect5\"><\/div><\/div><div id=\"robo_gallery_main_block_rbs_gallery_69e5ffde8d513\" class=\"robogallery-gallery-1198\" style=\"width:100%;margin:0 auto;  display: none;\"><div id=\"rbs_gallery_69e5ffde8d513\" data-options=\"rbs_gallery_69e5ffde8d513\" style=\"width:100%;\" class=\"robo_gallery  \"><div class=\"rbs-img  category1198 \" ><div class=\"rbs-img-image   rbs-lightbox \" ><div class=\"rbs-img-thumbs\"  data-thumbnail=\"https:\/\/realbyzkp.com\/wp-content\/uploads\/2024\/04\/LM-MAIRIE_-76-2048x1365-1-600x1024.jpg\"  title=\"LM-MAIRIE_-76-2048x1365\"  data-width=\"240\"  data-height=\"140\" ><\/div><div class=\"rbs-img-data-popup\"  data-popup=\"https:\/\/realbyzkp.com\/wp-content\/uploads\/2024\/04\/LM-MAIRIE_-76-2048x1365-1.jpg\"  title=\"LM-MAIRIE_-76-2048x1365\" ><\/div><div class=\"thumbnail-overlay\"><div class=\"rbsTitle \">LM-MAIRIE_-76-2048x1365<\/div><div class=\"rbsIcons\"><i class=\"fa fa-plus rbsZoomIcon \" ><\/i><\/div><\/div><\/div><\/div><div class=\"rbs-img  category1198 \" ><div class=\"rbs-img-image   rbs-lightbox \" ><div class=\"rbs-img-thumbs\"  data-thumbnail=\"https:\/\/realbyzkp.com\/wp-content\/uploads\/2024\/04\/LM-MAIRIE_-76-400x3456-1-scaled.jpg\"  title=\"LM-MAIRIE_-76-400x3456\"  data-width=\"240\"  data-height=\"140\" ><\/div><div class=\"rbs-img-data-popup\"  data-popup=\"https:\/\/realbyzkp.com\/wp-content\/uploads\/2024\/04\/LM-MAIRIE_-76-400x3456-1-scaled.jpg\"  title=\"LM-MAIRIE_-76-400x3456\" ><\/div><div class=\"thumbnail-overlay\"><div class=\"rbsTitle \">LM-MAIRIE_-76-400x3456<\/div><div class=\"rbsIcons\"><i class=\"fa fa-plus rbsZoomIcon \" ><\/i><\/div><\/div><\/div><\/div><div class=\"rbs-img  category1198 \" ><div class=\"rbs-img-image   rbs-lightbox \" ><div class=\"rbs-img-thumbs\"  data-thumbnail=\"https:\/\/realbyzkp.com\/wp-content\/uploads\/2024\/04\/LM-MAIRIE_-92-1620x1080-1-600x1024.jpg\"  title=\"LM-MAIRIE_-92-1620x1080\"  data-width=\"240\"  data-height=\"140\" ><\/div><div class=\"rbs-img-data-popup\"  data-popup=\"https:\/\/realbyzkp.com\/wp-content\/uploads\/2024\/04\/LM-MAIRIE_-92-1620x1080-1.jpg\"  title=\"LM-MAIRIE_-92-1620x1080\" ><\/div><div class=\"thumbnail-overlay\"><div class=\"rbsTitle \">LM-MAIRIE_-92-1620x1080<\/div><div class=\"rbsIcons\"><i class=\"fa fa-plus rbsZoomIcon \" ><\/i><\/div><\/div><\/div><\/div><div class=\"rbs-img  category1198 \" ><div class=\"rbs-img-image   rbs-lightbox \" ><div class=\"rbs-img-thumbs\"  data-thumbnail=\"https:\/\/realbyzkp.com\/wp-content\/uploads\/2024\/04\/Mor1-Lucie-Jardin-Des-Plantes-by-Ivc-9-150x150-1.jpg\"  title=\"Mor1-Lucie-Jardin-Des-Plantes-by-Ivc-9-150x150\"  data-width=\"240\"  data-height=\"140\" ><\/div><div class=\"rbs-img-data-popup\"  data-popup=\"https:\/\/realbyzkp.com\/wp-content\/uploads\/2024\/04\/Mor1-Lucie-Jardin-Des-Plantes-by-Ivc-9-150x150-1.jpg\"  title=\"Mor1-Lucie-Jardin-Des-Plantes-by-Ivc-9-150x150\" ><\/div><div class=\"thumbnail-overlay\"><div class=\"rbsTitle \">Mor1-Lucie-Jardin-Des-Plantes-by-Ivc-9-150x150<\/div><div class=\"rbsIcons\"><i class=\"fa fa-plus rbsZoomIcon \" ><\/i><\/div><\/div><\/div><\/div><div class=\"rbs-img  category1198 \" ><div class=\"rbs-img-image   rbs-lightbox \" ><div class=\"rbs-img-thumbs\"  data-thumbnail=\"https:\/\/realbyzkp.com\/wp-content\/uploads\/2024\/04\/Mor1-Lucie-Jardin-Des-Plantes-by-Ivc-53-1024x683-1-600x683.jpg\"  title=\"Mor1-Lucie-Jardin-Des-Plantes-by-Ivc-53-1024x683\"  data-width=\"240\"  data-height=\"140\" ><\/div><div class=\"rbs-img-data-popup\"  data-popup=\"https:\/\/realbyzkp.com\/wp-content\/uploads\/2024\/04\/Mor1-Lucie-Jardin-Des-Plantes-by-Ivc-53-1024x683-1.jpg\"  title=\"Mor1-Lucie-Jardin-Des-Plantes-by-Ivc-53-1024x683\" ><\/div><div class=\"thumbnail-overlay\"><div class=\"rbsTitle \">Mor1-Lucie-Jardin-Des-Plantes-by-Ivc-53-1024x683<\/div><div class=\"rbsIcons\"><i class=\"fa fa-plus rbsZoomIcon \" ><\/i><\/div><\/div><\/div><\/div><div class=\"rbs-img  category1198 \" ><div class=\"rbs-img-image   rbs-lightbox \" ><div class=\"rbs-img-thumbs\"  data-thumbnail=\"https:\/\/realbyzkp.com\/wp-content\/uploads\/2024\/04\/LM-MAIRIE_-29-1620x1080-1-600x1024.jpg\"  title=\"LM-MAIRIE_-29-1620x1080\"  data-width=\"240\"  data-height=\"140\" ><\/div><div class=\"rbs-img-data-popup\"  data-popup=\"https:\/\/realbyzkp.com\/wp-content\/uploads\/2024\/04\/LM-MAIRIE_-29-1620x1080-1.jpg\"  title=\"LM-MAIRIE_-29-1620x1080\" ><\/div><div class=\"thumbnail-overlay\"><div class=\"rbsTitle \">LM-MAIRIE_-29-1620x1080<\/div><div class=\"rbsIcons\"><i class=\"fa fa-plus rbsZoomIcon \" ><\/i><\/div><\/div><\/div><\/div><div class=\"rbs-img  category1198 \" ><div class=\"rbs-img-image   rbs-lightbox \" ><div class=\"rbs-img-thumbs\"  data-thumbnail=\"https:\/\/realbyzkp.com\/wp-content\/uploads\/2024\/04\/LM-MAIRIE_-9-150x150-1.jpg\"  title=\"LM-MAIRIE_-9-150x150\"  data-width=\"240\"  data-height=\"140\" ><\/div><div class=\"rbs-img-data-popup\"  data-popup=\"https:\/\/realbyzkp.com\/wp-content\/uploads\/2024\/04\/LM-MAIRIE_-9-150x150-1.jpg\"  title=\"LM-MAIRIE_-9-150x150\" ><\/div><div class=\"thumbnail-overlay\"><div class=\"rbsTitle \">LM-MAIRIE_-9-150x150<\/div><div class=\"rbsIcons\"><i class=\"fa fa-plus rbsZoomIcon \" ><\/i><\/div><\/div><\/div><\/div><div class=\"rbs-img  category1198 \" ><div class=\"rbs-img-image   rbs-lightbox \" ><div class=\"rbs-img-thumbs\"  data-thumbnail=\"https:\/\/realbyzkp.com\/wp-content\/uploads\/2024\/04\/LM-LUCIE-PREPA-10-1024x683-1-600x683.jpg\"  title=\"LM-LUCIE-PR\u00c9PA-10-1024x683\"  data-width=\"240\"  data-height=\"140\" ><\/div><div class=\"rbs-img-data-popup\"  data-popup=\"https:\/\/realbyzkp.com\/wp-content\/uploads\/2024\/04\/LM-LUCIE-PREPA-10-1024x683-1.jpg\"  title=\"LM-LUCIE-PR\u00c9PA-10-1024x683\" ><\/div><div class=\"thumbnail-overlay\"><div class=\"rbsTitle \">LM-LUCIE-PR\u00c9PA-10-1024x683<\/div><div class=\"rbsIcons\"><i class=\"fa fa-plus rbsZoomIcon \" ><\/i><\/div><\/div><\/div><\/div><div class=\"rbs-img  category1198 \" ><div class=\"rbs-img-image   rbs-lightbox \" ><div class=\"rbs-img-thumbs\"  data-thumbnail=\"https:\/\/realbyzkp.com\/wp-content\/uploads\/2024\/04\/Preparation-Mariee-18.09.2019-VPcom-Coralie-Sombret-43-400x400-1.jpg\"  title=\"Pr\u00e9paration-Mari\u00e9e-18.09.2019-VPcom-Coralie-Sombret-43-400x400\"  data-width=\"240\"  data-height=\"140\" ><\/div><div class=\"rbs-img-data-popup\"  data-popup=\"https:\/\/realbyzkp.com\/wp-content\/uploads\/2024\/04\/Preparation-Mariee-18.09.2019-VPcom-Coralie-Sombret-43-400x400-1.jpg\"  title=\"Pr\u00e9paration-Mari\u00e9e-18.09.2019-VPcom-Coralie-Sombret-43-400x400\" ><\/div><div class=\"thumbnail-overlay\"><div class=\"rbsTitle \">Pr\u00e9paration-Mari\u00e9e-18.09.2019-VPcom-Coralie-Sombret-43-400x400<\/div><div class=\"rbsIcons\"><i class=\"fa fa-plus rbsZoomIcon \" ><\/i><\/div><\/div><\/div><\/div><div class=\"rbs-img  category1198 \" ><div class=\"rbs-img-image   rbs-lightbox \" ><div class=\"rbs-img-thumbs\"  data-thumbnail=\"https:\/\/realbyzkp.com\/wp-content\/uploads\/2024\/04\/Preparation-Mariee-18.09.2019-VPcom-Coralie-Sombret-7-1620x1080-1-600x1024.jpg\"  title=\"Pr\u00e9paration-Mari\u00e9e-18.09.2019-VPcom-Coralie-Sombret-7-1620x1080\"  data-width=\"240\"  data-height=\"140\" ><\/div><div class=\"rbs-img-data-popup\"  data-popup=\"https:\/\/realbyzkp.com\/wp-content\/uploads\/2024\/04\/Preparation-Mariee-18.09.2019-VPcom-Coralie-Sombret-7-1620x1080-1.jpg\"  title=\"Pr\u00e9paration-Mari\u00e9e-18.09.2019-VPcom-Coralie-Sombret-7-1620x1080\" ><\/div><div class=\"thumbnail-overlay\"><div class=\"rbsTitle \">Pr\u00e9paration-Mari\u00e9e-18.09.2019-VPcom-Coralie-Sombret-7-1620x1080<\/div><div class=\"rbsIcons\"><i class=\"fa fa-plus rbsZoomIcon \" ><\/i><\/div><\/div><\/div><\/div><div class=\"rbs-img  category1198 \" ><div class=\"rbs-img-image   rbs-lightbox \" ><div class=\"rbs-img-thumbs\"  data-thumbnail=\"https:\/\/realbyzkp.com\/wp-content\/uploads\/2024\/04\/Mariage-Sara-et-Mohamed-19.10.2019-VPcom-Coralie-Sombret-326-768x1152-1.jpg\"  title=\"Mariage-Sara-et-Mohamed-19.10.2019-VPcom-Coralie-Sombret-326-768x1152\"  data-width=\"240\"  data-height=\"140\" ><\/div><div class=\"rbs-img-data-popup\"  data-popup=\"https:\/\/realbyzkp.com\/wp-content\/uploads\/2024\/04\/Mariage-Sara-et-Mohamed-19.10.2019-VPcom-Coralie-Sombret-326-768x1152-1.jpg\"  title=\"Mariage-Sara-et-Mohamed-19.10.2019-VPcom-Coralie-Sombret-326-768x1152\" ><\/div><div class=\"thumbnail-overlay\"><div class=\"rbsTitle \">Mariage-Sara-et-Mohamed-19.10.2019-VPcom-Coralie-Sombret-326-768x1152<\/div><div class=\"rbsIcons\"><i class=\"fa fa-plus rbsZoomIcon \" ><\/i><\/div><\/div><\/div><\/div><div class=\"rbs-img  category1198 \" ><div class=\"rbs-img-image   rbs-lightbox \" ><div class=\"rbs-img-thumbs\"  data-thumbnail=\"https:\/\/realbyzkp.com\/wp-content\/uploads\/2024\/04\/Preparation-Mariee-18.09.2019-VPcom-Coralie-Sombret-11-1024x683-1-600x683.jpg\"  title=\"Pr\u00e9paration-Mari\u00e9e-18.09.2019-VPcom-Coralie-Sombret-11-1024x683\"  data-width=\"240\"  data-height=\"140\" ><\/div><div class=\"rbs-img-data-popup\"  data-popup=\"https:\/\/realbyzkp.com\/wp-content\/uploads\/2024\/04\/Preparation-Mariee-18.09.2019-VPcom-Coralie-Sombret-11-1024x683-1.jpg\"  title=\"Pr\u00e9paration-Mari\u00e9e-18.09.2019-VPcom-Coralie-Sombret-11-1024x683\" ><\/div><div class=\"thumbnail-overlay\"><div class=\"rbsTitle \">Pr\u00e9paration-Mari\u00e9e-18.09.2019-VPcom-Coralie-Sombret-11-1024x683<\/div><div class=\"rbsIcons\"><i class=\"fa fa-plus rbsZoomIcon \" ><\/i><\/div><\/div><\/div><\/div><div class=\"rbs-img  category1198 \" ><div class=\"rbs-img-image   rbs-lightbox \" ><div class=\"rbs-img-thumbs\"  data-thumbnail=\"https:\/\/realbyzkp.com\/wp-content\/uploads\/2024\/04\/Mor1-Lucie-Jardin-Des-Plantes-by-Ivc-56-600x1024.jpg\"  title=\"Mor1-Lucie-Jardin-Des-Plantes-by-Ivc-56\"  data-width=\"240\"  data-height=\"140\" ><\/div><div class=\"rbs-img-data-popup\"  data-popup=\"https:\/\/realbyzkp.com\/wp-content\/uploads\/2024\/04\/Mor1-Lucie-Jardin-Des-Plantes-by-Ivc-56-scaled.jpg\"  title=\"Mor1-Lucie-Jardin-Des-Plantes-by-Ivc-56\" ><\/div><div class=\"thumbnail-overlay\"><div class=\"rbsTitle \">Mor1-Lucie-Jardin-Des-Plantes-by-Ivc-56<\/div><div class=\"rbsIcons\"><i class=\"fa fa-plus rbsZoomIcon \" ><\/i><\/div><\/div><\/div><\/div><div class=\"rbs-img  category1198 \" ><div class=\"rbs-img-image   rbs-lightbox \" ><div class=\"rbs-img-thumbs\"  data-thumbnail=\"https:\/\/realbyzkp.com\/wp-content\/uploads\/2024\/04\/Mariage-Meline-et-Jaouad-18.09.2019-VPcom-Coralie-Sombret-32-768x512-1-600x512.jpg\"  title=\"Mariage-M\u00e9line-et-Jaouad-18.09.2019-VPcom-Coralie-Sombret-32-768x512\"  data-width=\"240\"  data-height=\"140\" ><\/div><div class=\"rbs-img-data-popup\"  data-popup=\"https:\/\/realbyzkp.com\/wp-content\/uploads\/2024\/04\/Mariage-Meline-et-Jaouad-18.09.2019-VPcom-Coralie-Sombret-32-768x512-1.jpg\"  title=\"Mariage-M\u00e9line-et-Jaouad-18.09.2019-VPcom-Coralie-Sombret-32-768x512\" ><\/div><div class=\"thumbnail-overlay\"><div class=\"rbsTitle \">Mariage-M\u00e9line-et-Jaouad-18.09.2019-VPcom-Coralie-Sombret-32-768x512<\/div><div class=\"rbsIcons\"><i class=\"fa fa-plus rbsZoomIcon \" ><\/i><\/div><\/div><\/div><\/div><div class=\"rbs-img  category1198 \" ><div class=\"rbs-img-image   rbs-lightbox \" ><div class=\"rbs-img-thumbs\"  data-thumbnail=\"https:\/\/realbyzkp.com\/wp-content\/uploads\/2024\/04\/Mariage-Meline-et-Jaouad-18.09.2019-VPcom-Coralie-Sombret-83-600x1024.jpg\"  title=\"Mariage-M\u00e9line-et-Jaouad-18.09.2019-VPcom-Coralie-Sombret-83\"  data-width=\"240\"  data-height=\"140\" ><\/div><div class=\"rbs-img-data-popup\"  data-popup=\"https:\/\/realbyzkp.com\/wp-content\/uploads\/2024\/04\/Mariage-Meline-et-Jaouad-18.09.2019-VPcom-Coralie-Sombret-83-scaled.jpg\"  title=\"Mariage-M\u00e9line-et-Jaouad-18.09.2019-VPcom-Coralie-Sombret-83\" ><\/div><div class=\"thumbnail-overlay\"><div class=\"rbsTitle \">Mariage-M\u00e9line-et-Jaouad-18.09.2019-VPcom-Coralie-Sombret-83<\/div><div class=\"rbsIcons\"><i class=\"fa fa-plus rbsZoomIcon \" ><\/i><\/div><\/div><\/div><\/div><div class=\"rbs-img  category1198 \" ><div class=\"rbs-img-image   rbs-lightbox \" ><div class=\"rbs-img-thumbs\"  data-thumbnail=\"https:\/\/realbyzkp.com\/wp-content\/uploads\/2024\/04\/Mariage-Sara-et-Mohamed-19.10.2019-VPcom-Coralie-Sombret-20-300x300-1.jpg\"  title=\"Mariage-Sara-et-Mohamed-19.10.2019-VPcom-Coralie-Sombret-20-300x300\"  data-width=\"240\"  data-height=\"140\" ><\/div><div class=\"rbs-img-data-popup\"  data-popup=\"https:\/\/realbyzkp.com\/wp-content\/uploads\/2024\/04\/Mariage-Sara-et-Mohamed-19.10.2019-VPcom-Coralie-Sombret-20-300x300-1.jpg\"  title=\"Mariage-Sara-et-Mohamed-19.10.2019-VPcom-Coralie-Sombret-20-300x300\" ><\/div><div class=\"thumbnail-overlay\"><div class=\"rbsTitle \">Mariage-Sara-et-Mohamed-19.10.2019-VPcom-Coralie-Sombret-20-300x300<\/div><div class=\"rbsIcons\"><i class=\"fa fa-plus rbsZoomIcon \" ><\/i><\/div><\/div><\/div><\/div><div class=\"rbs-img  category1198 \" ><div class=\"rbs-img-image   rbs-lightbox \" ><div class=\"rbs-img-thumbs\"  data-thumbnail=\"https:\/\/realbyzkp.com\/wp-content\/uploads\/2024\/04\/Mariage-Sara-et-Mohamed-19.10.2019-VPcom-Coralie-Sombret-21-768x512-1.jpg\"  title=\"Mariage-Sara-et-Mohamed-19.10.2019-VPcom-Coralie-Sombret-21-768x512\"  data-width=\"240\"  data-height=\"140\" ><\/div><div class=\"rbs-img-data-popup\"  data-popup=\"https:\/\/realbyzkp.com\/wp-content\/uploads\/2024\/04\/Mariage-Sara-et-Mohamed-19.10.2019-VPcom-Coralie-Sombret-21-768x512-1.jpg\"  title=\"Mariage-Sara-et-Mohamed-19.10.2019-VPcom-Coralie-Sombret-21-768x512\" ><\/div><div class=\"thumbnail-overlay\"><div class=\"rbsTitle \">Mariage-Sara-et-Mohamed-19.10.2019-VPcom-Coralie-Sombret-21-768x512<\/div><div class=\"rbsIcons\"><i class=\"fa fa-plus rbsZoomIcon \" ><\/i><\/div><\/div><\/div><\/div><div class=\"rbs-img  category1198 \" ><div class=\"rbs-img-image   rbs-lightbox \" ><div class=\"rbs-img-thumbs\"  data-thumbnail=\"https:\/\/realbyzkp.com\/wp-content\/uploads\/2024\/04\/Mariage-Sara-et-Mohamed-19.10.2019-VPcom-Coralie-Sombret-179-1620x1080-1-600x1024.jpg\"  title=\"Mariage-Sara-et-Mohamed-19.10.2019-VPcom-Coralie-Sombret-179-1620x1080\"  data-width=\"240\"  data-height=\"140\" ><\/div><div class=\"rbs-img-data-popup\"  data-popup=\"https:\/\/realbyzkp.com\/wp-content\/uploads\/2024\/04\/Mariage-Sara-et-Mohamed-19.10.2019-VPcom-Coralie-Sombret-179-1620x1080-1.jpg\"  title=\"Mariage-Sara-et-Mohamed-19.10.2019-VPcom-Coralie-Sombret-179-1620x1080\" ><\/div><div class=\"thumbnail-overlay\"><div class=\"rbsTitle \">Mariage-Sara-et-Mohamed-19.10.2019-VPcom-Coralie-Sombret-179-1620x1080<\/div><div class=\"rbsIcons\"><i class=\"fa fa-plus rbsZoomIcon \" ><\/i><\/div><\/div><\/div><\/div><div class=\"rbs-img  category1198 \" ><div class=\"rbs-img-image   rbs-lightbox \" ><div class=\"rbs-img-thumbs\"  data-thumbnail=\"https:\/\/realbyzkp.com\/wp-content\/uploads\/2024\/04\/Mariage-Meline-et-Jaouad-18.09.2019-VPcom-Coralie-Sombret-102-600x1024.jpg\"  title=\"Mariage-M\u00e9line-et-Jaouad-18.09.2019-VPcom-Coralie-Sombret-102\"  data-width=\"240\"  data-height=\"140\" ><\/div><div class=\"rbs-img-data-popup\"  data-popup=\"https:\/\/realbyzkp.com\/wp-content\/uploads\/2024\/04\/Mariage-Meline-et-Jaouad-18.09.2019-VPcom-Coralie-Sombret-102-scaled.jpg\"  title=\"Mariage-M\u00e9line-et-Jaouad-18.09.2019-VPcom-Coralie-Sombret-102\" ><\/div><div class=\"thumbnail-overlay\"><div class=\"rbsTitle \">Mariage-M\u00e9line-et-Jaouad-18.09.2019-VPcom-Coralie-Sombret-102<\/div><div class=\"rbsIcons\"><i class=\"fa fa-plus rbsZoomIcon \" ><\/i><\/div><\/div><\/div><\/div><div class=\"rbs-img  category1198 \" ><div class=\"rbs-img-image   rbs-lightbox \" ><div class=\"rbs-img-thumbs\"  data-thumbnail=\"https:\/\/realbyzkp.com\/wp-content\/uploads\/2024\/04\/Mariage-Meline-et-Jaouad-18.09.2019-VPcom-Coralie-Sombret-83-400x3556-1-400x1024.jpg\"  title=\"Mariage-M\u00e9line-et-Jaouad-18.09.2019-VPcom-Coralie-Sombret-83-400x3556\"  data-width=\"240\"  data-height=\"140\" ><\/div><div class=\"rbs-img-data-popup\"  data-popup=\"https:\/\/realbyzkp.com\/wp-content\/uploads\/2024\/04\/Mariage-Meline-et-Jaouad-18.09.2019-VPcom-Coralie-Sombret-83-400x3556-1-scaled.jpg\"  title=\"Mariage-M\u00e9line-et-Jaouad-18.09.2019-VPcom-Coralie-Sombret-83-400x3556\" ><\/div><div class=\"thumbnail-overlay\"><div class=\"rbsTitle \">Mariage-M\u00e9line-et-Jaouad-18.09.2019-VPcom-Coralie-Sombret-83-400x3556<\/div><div class=\"rbsIcons\"><i class=\"fa fa-plus rbsZoomIcon \" ><\/i><\/div><\/div><\/div><\/div><\/div><\/div><\/div><script>var rbs_gallery_69e5ffde8d513 = {\"version\":\"3.2.19\",\"id\":1198,\"class\":\"id1198\",\"roboGalleryDelay\":1000,\"mainContainer\":\"#robo_gallery_main_block_rbs_gallery_69e5ffde8d513\",\"loadingContainer\":\"#rbs_gallery_69e5ffde8d513-block-loader\",\"loadingContainerObj\":\"rbs_gallery_69e5ffde8d513-block-loader\",\"columnWidth\":\"auto\",\"columns\":3,\"resolutions\":[{\"columnWidth\":\"auto\",\"columns\":3,\"maxWidth\":960},{\"columnWidth\":\"auto\",\"columns\":2,\"maxWidth\":650},{\"columnWidth\":\"auto\",\"columns\":1,\"maxWidth\":450}],\"lightboxOptions\":{\"gallery\":{\"enabled\":true,\"tCounter\":\"%curr% of %total%\"}},\"overlayEffect\":\"direction-aware-fade\",\"boxesToLoadStart\":12,\"boxesToLoad\":8,\"waitUntilThumbLoads\":1,\"LoadingWord\":\"Loading...\",\"loadMoreWord\":\"Load More\",\"noMoreEntriesWord\":\"No More Entries\",\"horizontalSpaceBetweenBoxes\":15,\"verticalSpaceBetweenBoxes\":15,\"lazyLoad\":1,\"wrapContainer\":\"#robo-gallery-wrap-rbs_gallery_69e5ffde8d513\"};<\/script>\n","protected":false},"excerpt":{"rendered":"<p>Pr\u00e9sentation de mes Prestations pour Mariages F\u00e9licitations pour votre mariage ! Je suis ravi(e) de pouvoir vous offrir mes services pour capturer les moments les plus pr\u00e9cieux de cette journ\u00e9e sp\u00e9ciale. Voici un aper\u00e7u de mes quatre formules pour la photographie et la vid\u00e9ographie de mariage. Formule \u00ab\u00a0Essentiel\u00a0\u00bb Photographie : Couverture compl\u00e8te de la journ\u00e9e, [&hellip;]<\/p>\n","protected":false},"author":1,"featured_media":0,"parent":0,"menu_order":0,"comment_status":"closed","ping_status":"closed","template":"","meta":{"footnotes":""},"_links":{"self":[{"href":"https:\/\/realbyzkp.com\/fr_fr\/wp-json\/wp\/v2\/pages\/594"}],"collection":[{"href":"https:\/\/realbyzkp.com\/fr_fr\/wp-json\/wp\/v2\/pages"}],"about":[{"href":"https:\/\/realbyzkp.com\/fr_fr\/wp-json\/wp\/v2\/types\/page"}],"author":[{"embeddable":true,"href":"https:\/\/realbyzkp.com\/fr_fr\/wp-json\/wp\/v2\/users\/1"}],"replies":[{"embeddable":true,"href":"https:\/\/realbyzkp.com\/fr_fr\/wp-json\/wp\/v2\/comments?post=594"}],"version-history":[{"count":4,"href":"https:\/\/realbyzkp.com\/fr_fr\/wp-json\/wp\/v2\/pages\/594\/revisions"}],"predecessor-version":[{"id":1199,"href":"https:\/\/realbyzkp.com\/fr_fr\/wp-json\/wp\/v2\/pages\/594\/revisions\/1199"}],"wp:attachment":[{"href":"https:\/\/realbyzkp.com\/fr_fr\/wp-json\/wp\/v2\/media?parent=594"}],"curies":[{"name":"wp","href":"https:\/\/api.w.org\/{rel}","templated":true}]}}