{"id":590,"date":"2024-03-27T11:44:07","date_gmt":"2024-03-27T10:44:07","guid":{"rendered":"https:\/\/realbyzkp.com\/?page_id=590"},"modified":"2025-01-02T12:43:43","modified_gmt":"2025-01-02T11:43:43","slug":"digital","status":"publish","type":"page","link":"https:\/\/realbyzkp.com\/fr_fr\/digital\/","title":{"rendered":"digital"},"content":{"rendered":"\t\t<div data-elementor-type=\"wp-page\" data-elementor-id=\"590\" class=\"elementor elementor-590\">\n\t\t\t\t<div class=\"elementor-element elementor-element-e5d796b e-flex e-con-boxed e-con e-parent\" data-id=\"e5d796b\" data-element_type=\"container\">\n\t\t\t\t\t<div class=\"e-con-inner\">\n\t\t\t\t<div class=\"elementor-element elementor-element-ce185b4 elementor-widget elementor-widget-text-editor\" data-id=\"ce185b4\" data-element_type=\"widget\" data-widget_type=\"text-editor.default\">\n\t\t\t\t<div class=\"elementor-widget-container\">\n\t\t\t\t\t\t\t<h3 style=\"letter-spacing: normal; text-align: center;\"><strong>Vous souhaitez donner un coup de boost \u00e0 votre marque et attirer l&rsquo;attention de votre public cible de mani\u00e8re efficace ?<\/strong><\/h3><p style=\"text-align: center;\">Les vid\u00e9os digitales sont un outil incontournable pour capter l&rsquo;int\u00e9r\u00eat et engager votre audience sur le web.<\/p><h3 style=\"text-align: center;\">L&rsquo;impact des vid\u00e9os digitales sur le web<\/h3><p style=\"text-align: center;\">Les vid\u00e9os constituent un moyen puissant et incontournable pour cr\u00e9er des contenus engageants et m\u00e9morables. Elles permettent non seulement de transmettre un message de mani\u00e8re concise et percutante, mais \u00e9galement de susciter l&rsquo;\u00e9motion et l&rsquo;interaction des internautes. Gr\u00e2ce \u00e0 leur caract\u00e8re visuel et dynamique, les vid\u00e9os captent l&rsquo;attention plus efficacement que les contenus textuels, et sont ainsi de v\u00e9ritables leviers pour renforcer l&rsquo;identit\u00e9 de votre marque et accro\u00eetre votre visibilit\u00e9 en ligne.<\/p><h3 style=\"text-align: center;\">Cr\u00e9ez des contenus originaux et impactants<\/h3><p style=\"text-align: center;\">Notre \u00e9quipe sp\u00e9cialis\u00e9e dans la cr\u00e9ation de contenus vid\u00e9o saura vous accompagner dans la conception et la r\u00e9alisation de vid\u00e9os digitales uniques et cr\u00e9atives, en accord avec votre identit\u00e9 de marque et vos objectifs de communication. Que ce soit pour pr\u00e9senter un produit, partager un t\u00e9moignage client, animer vos r\u00e9seaux sociaux ou communiquer sur un \u00e9v\u00e9nement, les vid\u00e9os digitales sont un atout indispensable pour renforcer votre pr\u00e9sence en ligne et d\u00e9marquer votre marque de la concurrence.<\/p><h3 style=\"text-align: center;\">Pourquoi choisir les vid\u00e9os digitales ?<\/h3><p style=\"text-align: center;\">&#8211; *Captiver votre audience :* Les vid\u00e9os captent l&rsquo;attention et suscitent l&rsquo;int\u00e9r\u00eat, incitant les internautes \u00e0 s&rsquo;engager davantage avec votre contenu.<br \/>&#8211; *Am\u00e9liorer votre r\u00e9f\u00e9rencement :* Les vid\u00e9os sont un \u00e9l\u00e9ment appr\u00e9ci\u00e9 par les moteurs de recherche, ce qui peut contribuer \u00e0 am\u00e9liorer votre visibilit\u00e9 en ligne.<br \/>&#8211; *Renforcer votre image de marque :* Les vid\u00e9os permettent de v\u00e9hiculer votre identit\u00e9 et vos valeurs de mani\u00e8re authentique et percutante, renfor\u00e7ant ainsi la confiance de votre audience.<\/p><h6 style=\"text-align: center;\">*Contactez-moi pour donner vie \u00e0 vos id\u00e9es et valoriser votre marque \u00e0 travers des contenus vid\u00e9o innovants et impactants.*<\/h6>\t\t\t\t\t\t<\/div>\n\t\t\t\t<\/div>\n\t\t\t\t\t<\/div>\n\t\t\t\t<\/div>\n\t\t\t\t<\/div>\n\t\t","protected":false},"excerpt":{"rendered":"<p>Vous souhaitez donner un coup de boost \u00e0 votre marque et attirer l&rsquo;attention de votre public cible de mani\u00e8re efficace ? Les vid\u00e9os digitales sont un outil incontournable pour capter l&rsquo;int\u00e9r\u00eat et engager votre audience sur le web. L&rsquo;impact des vid\u00e9os digitales sur le web Les vid\u00e9os constituent un moyen puissant et incontournable pour cr\u00e9er [&hellip;]<\/p>\n","protected":false},"author":1,"featured_media":0,"parent":0,"menu_order":0,"comment_status":"closed","ping_status":"closed","template":"","meta":{"footnotes":""},"_links":{"self":[{"href":"https:\/\/realbyzkp.com\/fr_fr\/wp-json\/wp\/v2\/pages\/590"}],"collection":[{"href":"https:\/\/realbyzkp.com\/fr_fr\/wp-json\/wp\/v2\/pages"}],"about":[{"href":"https:\/\/realbyzkp.com\/fr_fr\/wp-json\/wp\/v2\/types\/page"}],"author":[{"embeddable":true,"href":"https:\/\/realbyzkp.com\/fr_fr\/wp-json\/wp\/v2\/users\/1"}],"replies":[{"embeddable":true,"href":"https:\/\/realbyzkp.com\/fr_fr\/wp-json\/wp\/v2\/comments?post=590"}],"version-history":[{"count":7,"href":"https:\/\/realbyzkp.com\/fr_fr\/wp-json\/wp\/v2\/pages\/590\/revisions"}],"predecessor-version":[{"id":1372,"href":"https:\/\/realbyzkp.com\/fr_fr\/wp-json\/wp\/v2\/pages\/590\/revisions\/1372"}],"wp:attachment":[{"href":"https:\/\/realbyzkp.com\/fr_fr\/wp-json\/wp\/v2\/media?parent=590"}],"curies":[{"name":"wp","href":"https:\/\/api.w.org\/{rel}","templated":true}]}}