{"id":587,"date":"2024-03-27T11:43:29","date_gmt":"2024-03-27T10:43:29","guid":{"rendered":"https:\/\/realbyzkp.com\/?page_id=587"},"modified":"2025-01-02T12:42:33","modified_gmt":"2025-01-02T11:42:33","slug":"corporate","status":"publish","type":"page","link":"https:\/\/realbyzkp.com\/fr_fr\/corporate\/","title":{"rendered":"CORPORATE"},"content":{"rendered":"\t\t<div data-elementor-type=\"wp-page\" data-elementor-id=\"587\" class=\"elementor elementor-587\">\n\t\t\t\t<div class=\"elementor-element elementor-element-44a4cc4 e-flex e-con-boxed e-con e-parent\" data-id=\"44a4cc4\" data-element_type=\"container\">\n\t\t\t\t\t<div class=\"e-con-inner\">\n\t\t\t\t<div class=\"elementor-element elementor-element-1cf4b63 elementor-widget elementor-widget-video\" data-id=\"1cf4b63\" data-element_type=\"widget\" data-settings=\"{&quot;youtube_url&quot;:&quot;https:\\\/\\\/www.youtube.com\\\/watch?v=39v98FvbmU4&quot;,&quot;video_type&quot;:&quot;youtube&quot;,&quot;controls&quot;:&quot;yes&quot;}\" data-widget_type=\"video.default\">\n\t\t\t\t<div class=\"elementor-widget-container\">\n\t\t\t\t\t<div class=\"elementor-wrapper elementor-open-inline\">\n\t\t\t<div class=\"elementor-video\"><\/div>\t\t<\/div>\n\t\t\t\t<\/div>\n\t\t\t\t<\/div>\n\t\t\t\t<div class=\"elementor-element elementor-element-38e78af elementor-widget elementor-widget-text-editor\" data-id=\"38e78af\" data-element_type=\"widget\" data-widget_type=\"text-editor.default\">\n\t\t\t\t<div class=\"elementor-widget-container\">\n\t\t\t\t\t\t\t<h3 style=\"text-align: center;\"><strong>D\u00e9couvrez la puissance des vid\u00e9os corporate pour votre marque<\/strong><\/h3><p style=\"text-align: center;\">Vous cherchez \u00e0 donner un coup de boost \u00e0 votre pr\u00e9sence en ligne ? Les vid\u00e9os corporate sont le moyen id\u00e9al pour renforcer votre identit\u00e9 de marque et captiver votre public cible. Chez [Nom de votre entreprise], nous vous proposons des cr\u00e9ations de contenus originales qui sauront mettre en valeur votre entreprise et susciter l&rsquo;int\u00e9r\u00eat de vos clients potentiels.<\/p><h2 style=\"text-align: center;\">\u00a0Pourquoi opter pour des vid\u00e9os corporate ?<\/h2><p style=\"text-align: center;\">Les vid\u00e9os constituent un puissant outil de communication sur le web. En effet, elles permettent de transmettre des messages de mani\u00e8re efficace et engageante. Voici quelques avantages des vid\u00e9os corporate pour vos contenus en ligne :<\/p><h4 style=\"text-align: center;\">&#8211; Captez l&rsquo;attention :<\/h4><p style=\"text-align: center;\">\u00a0Les vid\u00e9os captent l&rsquo;attention des internautes plus rapidement que le texte ou les images statiques. Elles permettent de rendre votre contenu plus attrayant et m\u00e9morable.<\/p><p>&#8211; Racontez votre histoire : Les vid\u00e9os offrent un support visuel dynamique pour partager votre histoire d&rsquo;entreprise, vos valeurs et votre savoir-faire de mani\u00e8re authentique.<\/p><p>&#8211; *Augmentez votre visibilit\u00e9 :* Les vid\u00e9os sont largement partag\u00e9es sur les r\u00e9seaux sociaux, ce qui peut vous aider \u00e0 augmenter votre port\u00e9e et attirer de nouveaux clients potentiels.<\/p><h4 style=\"text-align: center;\">Mon experience \u00e0 votre service<\/h4><p style=\"text-align: center;\">Gr\u00e2ce \u00e0 mon exp\u00e9rience\u00a0 professionnels de la vid\u00e9o, Je vous dans la cr\u00e9ation de contenus vid\u00e9o sur mesure pour votre marque. Que vous souhaitiez r\u00e9aliser un film d&rsquo;entreprise, une pr\u00e9sentation de produits ou un t\u00e9moignage client, nous mettons notre expertise \u00e0 votre service pour faire de votre vision une r\u00e9alit\u00e9.<\/p><p style=\"text-align: center;\">N&rsquo;h\u00e9sitez pas \u00e0 me contacter pour discuter de vos besoins en mati\u00e8re de vid\u00e9os corporate. Ensemble, donnons vie \u00e0 votre marque et d\u00e9marquez-vous de la concurrence !<\/p><p style=\"text-align: center;\">\u00a0<\/p>\t\t\t\t\t\t<\/div>\n\t\t\t\t<\/div>\n\t\t\t\t\t<\/div>\n\t\t\t\t<\/div>\n\t\t\t\t<\/div>\n\t\t","protected":false},"excerpt":{"rendered":"<p>https:\/\/www.youtube.com\/watch?v=39v98FvbmU4 D\u00e9couvrez la puissance des vid\u00e9os corporate pour votre marque Vous cherchez \u00e0 donner un coup de boost \u00e0 votre pr\u00e9sence en ligne ? Les vid\u00e9os corporate sont le moyen id\u00e9al pour renforcer votre identit\u00e9 de marque et captiver votre public cible. Chez [Nom de votre entreprise], nous vous proposons des cr\u00e9ations de contenus originales [&hellip;]<\/p>\n","protected":false},"author":1,"featured_media":0,"parent":0,"menu_order":0,"comment_status":"closed","ping_status":"closed","template":"","meta":{"footnotes":""},"_links":{"self":[{"href":"https:\/\/realbyzkp.com\/fr_fr\/wp-json\/wp\/v2\/pages\/587"}],"collection":[{"href":"https:\/\/realbyzkp.com\/fr_fr\/wp-json\/wp\/v2\/pages"}],"about":[{"href":"https:\/\/realbyzkp.com\/fr_fr\/wp-json\/wp\/v2\/types\/page"}],"author":[{"embeddable":true,"href":"https:\/\/realbyzkp.com\/fr_fr\/wp-json\/wp\/v2\/users\/1"}],"replies":[{"embeddable":true,"href":"https:\/\/realbyzkp.com\/fr_fr\/wp-json\/wp\/v2\/comments?post=587"}],"version-history":[{"count":16,"href":"https:\/\/realbyzkp.com\/fr_fr\/wp-json\/wp\/v2\/pages\/587\/revisions"}],"predecessor-version":[{"id":1369,"href":"https:\/\/realbyzkp.com\/fr_fr\/wp-json\/wp\/v2\/pages\/587\/revisions\/1369"}],"wp:attachment":[{"href":"https:\/\/realbyzkp.com\/fr_fr\/wp-json\/wp\/v2\/media?parent=587"}],"curies":[{"name":"wp","href":"https:\/\/api.w.org\/{rel}","templated":true}]}}